{"id":1018,"date":"2026-04-24T22:58:01","date_gmt":"2026-04-24T20:58:01","guid":{"rendered":"https:\/\/www.hugobike.cz\/produkt\/brzdove-desticky-shimano-b05s-polymer\/"},"modified":"2026-04-24T22:58:07","modified_gmt":"2026-04-24T20:58:07","slug":"shimano-b05s-polymer-bremsbelage","status":"publish","type":"product","link":"https:\/\/www.hugobike.cz\/de\/p\/brzdove-desticky-shimano-b05s-polymer\/","title":{"rendered":"Shimano B05S Polymer-Bremsbel\u00e4ge"},"content":{"rendered":"","protected":false},"excerpt":{"rendered":"<p>Material: Polymer\/Harz - diese Eins\u00e4tze sind leiser als die aus Sintermetall und haben eine feinere Dosierung<br \/>\nPolymer- oder Harzbel\u00e4ge B05S nicht nur f\u00fcr Shimano-Modelle - Ersatz f\u00fcr B01S<br \/>\nTrockener und nasser Einsatz<br \/>\nPaket enth\u00e4lt 1 Paar Platten mit Splint<\/p>","protected":false},"featured_media":4615788,"comment_status":"closed","ping_status":"open","template":"","meta":{"_acf_changed":false},"product_brand":[],"product_cat":[132],"product_tag":[],"class_list":{"0":"post-1018","1":"product","2":"type-product","3":"status-publish","4":"has-post-thumbnail","6":"product_cat-brzdy","8":"first","9":"instock","10":"purchasable","11":"product-type-simple"},"acf":[],"_links":{"self":[{"href":"https:\/\/www.hugobike.cz\/de\/wp-json\/wp\/v2\/product\/1018","targetHints":{"allow":["GET"]}}],"collection":[{"href":"https:\/\/www.hugobike.cz\/de\/wp-json\/wp\/v2\/product"}],"about":[{"href":"https:\/\/www.hugobike.cz\/de\/wp-json\/wp\/v2\/types\/product"}],"replies":[{"embeddable":true,"href":"https:\/\/www.hugobike.cz\/de\/wp-json\/wp\/v2\/comments?post=1018"}],"wp:featuredmedia":[{"embeddable":true,"href":"https:\/\/www.hugobike.cz\/de\/wp-json\/wp\/v2\/media\/4615788"}],"wp:attachment":[{"href":"https:\/\/www.hugobike.cz\/de\/wp-json\/wp\/v2\/media?parent=1018"}],"wp:term":[{"taxonomy":"product_brand","embeddable":true,"href":"https:\/\/www.hugobike.cz\/de\/wp-json\/wp\/v2\/product_brand?post=1018"},{"taxonomy":"product_cat","embeddable":true,"href":"https:\/\/www.hugobike.cz\/de\/wp-json\/wp\/v2\/product_cat?post=1018"},{"taxonomy":"product_tag","embeddable":true,"href":"https:\/\/www.hugobike.cz\/de\/wp-json\/wp\/v2\/product_tag?post=1018"}],"curies":[{"name":"wp","href":"https:\/\/api.w.org\/{rel}","templated":true}]}}