{"id":1009,"date":"2026-04-30T22:58:01","date_gmt":"2026-04-30T20:58:01","guid":{"rendered":"https:\/\/www.hugobike.cz\/produkt\/predstavec-force-basic-s4-3-318-110mm-al-cerny\/"},"modified":"2026-04-30T22:58:03","modified_gmt":"2026-04-30T20:58:03","slug":"force-basic-s4-3-318-110mm-al-schwarz","status":"publish","type":"product","link":"https:\/\/www.hugobike.cz\/de\/p\/predstavec-force-basic-s4-3-318-110mm-al-cerny\/","title":{"rendered":"Verl\u00e4ngerungsstange FORCE BASIC S4.3 31,8\/110mm Al, schwarz"},"content":{"rendered":"","protected":false},"excerpt":{"rendered":"<p>f\u00fcr Lenkerdurchmesser: 31,8 mm \u00dcbergr\u00f6\u00dfe<br \/>\nf\u00fcr Gabeldurchmesser: 1 1\/8\u2033.<br \/>\nL\u00e4nge: 110 mm<br \/>\nWinkel: + 35\u00b0<br \/>\nMaterial: Aluminium, schwarz matt<br \/>\nGewicht: 162 g<br \/>\nverpackt auf einer FORCE-Karte<\/p>","protected":false},"featured_media":4638773,"comment_status":"closed","ping_status":"open","template":"","meta":{"_acf_changed":false},"product_brand":[],"product_cat":[133],"product_tag":[],"class_list":{"0":"post-1009","1":"product","2":"type-product","3":"status-publish","4":"has-post-thumbnail","6":"product_cat-predstavce","8":"first","9":"instock","10":"purchasable","11":"product-type-simple"},"acf":[],"_links":{"self":[{"href":"https:\/\/www.hugobike.cz\/de\/wp-json\/wp\/v2\/product\/1009","targetHints":{"allow":["GET"]}}],"collection":[{"href":"https:\/\/www.hugobike.cz\/de\/wp-json\/wp\/v2\/product"}],"about":[{"href":"https:\/\/www.hugobike.cz\/de\/wp-json\/wp\/v2\/types\/product"}],"replies":[{"embeddable":true,"href":"https:\/\/www.hugobike.cz\/de\/wp-json\/wp\/v2\/comments?post=1009"}],"wp:featuredmedia":[{"embeddable":true,"href":"https:\/\/www.hugobike.cz\/de\/wp-json\/wp\/v2\/media\/4638773"}],"wp:attachment":[{"href":"https:\/\/www.hugobike.cz\/de\/wp-json\/wp\/v2\/media?parent=1009"}],"wp:term":[{"taxonomy":"product_brand","embeddable":true,"href":"https:\/\/www.hugobike.cz\/de\/wp-json\/wp\/v2\/product_brand?post=1009"},{"taxonomy":"product_cat","embeddable":true,"href":"https:\/\/www.hugobike.cz\/de\/wp-json\/wp\/v2\/product_cat?post=1009"},{"taxonomy":"product_tag","embeddable":true,"href":"https:\/\/www.hugobike.cz\/de\/wp-json\/wp\/v2\/product_tag?post=1009"}],"curies":[{"name":"wp","href":"https:\/\/api.w.org\/{rel}","templated":true}]}}